{"id":245,"date":"2017-07-06T08:27:14","date_gmt":"2017-07-06T08:27:14","guid":{"rendered":"http:\/\/gardens.home.pl\/autoinstalator\/wordpress3\/?page_id=245"},"modified":"2023-03-14T21:32:15","modified_gmt":"2023-03-14T20:32:15","slug":"1-procent-2","status":"publish","type":"page","link":"https:\/\/gardens.home.pl\/autoinstalator\/wordpress3\/1-procent-2\/","title":{"rendered":"1,5%"},"content":{"rendered":"<p><strong><a href=\"http:\/\/gardens.home.pl\/autoinstalator\/wordpress3\/wp-content\/uploads\/2017\/07\/opp-e1510505126425.jpg\"><img loading=\"lazy\" decoding=\"async\" class=\" wp-image-246 alignleft\" src=\"http:\/\/gardens.home.pl\/autoinstalator\/wordpress3\/wp-content\/uploads\/2017\/07\/opp-e1510505126425.jpg\" alt=\"\" width=\"112\" height=\"110\" \/><\/a>Szanowni Pa\u0144stwo,<\/strong><\/p>\n<div id=\"art-main\">\n<div class=\"art-sheet\">\n<div class=\"art-sheet-body\">\n<div class=\"art-content-layout\">\n<div class=\"art-content-layout-row\">\n<div class=\"art-layout-cell art-content-sidebar2\">\n<div class=\"art-post\">\n<div class=\"art-post-body\">\n<div class=\"art-post-inner\">\n<div class=\"art-postcontent\">\n<div class=\"art-article\">\n<p>Fundacja Dom na Skale jest Organizacj\u0105 Po\u017cytku Publicznego. Oznacza to, \u017ce nasz\u0105 dzia\u0142alno\u015b\u0107 reguluje ustawa o dzia\u0142alno\u015bci po\u017cytku publicznego i wolontariacie. Ustawa m.in. umo\u017cliwia przekazanie 1,5 procenta podatku dochodowego na rzecz Organizacji Po\u017cytku Publicznego. <strong>Wp\u0142ywy z podatku s\u0105 przeznaczone na budow\u0119 Domu Formacji Rodziny w Czmo\u0144cu.<\/strong><\/p>\n<p><strong>Zwracamy si\u0119 z uprzejm\u0105 pro\u015bb\u0105 o przekazanie 1,5% swojego podatku dochodowego na rzecz Fundacji Dom na Skale. <!--more--><br \/>\n<\/strong><\/p>\n<p>Dla przekazania 1 procenta podatku wystarczy wpisa\u0107 w zeznaniu podatkowym PIT 36, PIT 37, PIT 38 lub PIT 28:<\/p>\n<p>Nazw\u0119 organizacji: <strong>FUNDACJA DOM NA SKALE <\/strong><\/p>\n<p>Nr KRS: 0000248232<\/p>\n<p><a href=\"https:\/\/www.pitax.pl\/pobierz\/0000248232\/\" target=\"_blank\" rel=\"noopener noreferrer\"><img loading=\"lazy\" decoding=\"async\" class=\"size-full wp-image-775 alignnone\" src=\"http:\/\/gardens.home.pl\/autoinstalator\/wordpress3\/wp-content\/uploads\/2017\/12\/Pobierz-pit-button.png\" alt=\"\" width=\"234\" height=\"83\" srcset=\"https:\/\/gardens.home.pl\/autoinstalator\/wordpress3\/wp-content\/uploads\/2017\/12\/Pobierz-pit-button.png 234w, https:\/\/gardens.home.pl\/autoinstalator\/wordpress3\/wp-content\/uploads\/2017\/12\/Pobierz-pit-button-150x53.png 150w\" sizes=\"auto, (max-width: 234px) 100vw, 234px\" \/><\/a><a href=\"https:\/\/www.pitax.pl\/rozlicz\/0000248232\/\" target=\"_blank\" rel=\"noopener noreferrer\">\u00a0\u00a0<img loading=\"lazy\" decoding=\"async\" class=\"size-full wp-image-774 alignnone\" src=\"http:\/\/gardens.home.pl\/autoinstalator\/wordpress3\/wp-content\/uploads\/2017\/12\/rozlicz-pit-online-new-button.png\" alt=\"\" width=\"234\" height=\"83\" srcset=\"https:\/\/gardens.home.pl\/autoinstalator\/wordpress3\/wp-content\/uploads\/2017\/12\/rozlicz-pit-online-new-button.png 234w, https:\/\/gardens.home.pl\/autoinstalator\/wordpress3\/wp-content\/uploads\/2017\/12\/rozlicz-pit-online-new-button-150x53.png 150w\" sizes=\"auto, (max-width: 234px) 100vw, 234px\" \/><\/a><\/p>\n<p><strong>\u00a0Wyliczy\u0107 kwot\u0119 1 procenta podatku i wpisa\u0107 do odpowiedniej rubryki.<\/strong><br \/>\nUrz\u0105d Skarbowy sam prze\u015ble wyliczon\u0105 kwot\u0119 do wskazanej organizacji.<\/p>\n<p>Dzi\u0119kujemy za dar.\u00a0 Ta pomoc nie kosztuje Ci\u0119 nic!!!<\/p>\n<p>Mo\u017cecie tak\u017ce Pa\u0144stwo wspom\u00f3c nasz\u0105 Fundacj\u0119 przekazuj\u0105c darowizn\u0119 &#8211; <strong>osoba fizyczna mo\u017ce odliczy\u0107 od dochodu do 6%, a\u00a0osoba prawna do 10%<\/strong>, kt\u00f3r\u0105 w przysz\u0142ym roku b\u0119dziecie mogli odliczy\u0107 od podatku: nr konta 36 9048 0007 0000 5252 2000 0001<\/p>\n<\/div>\n<\/div>\n<\/div>\n<\/div>\n<\/div>\n<\/div>\n<\/div>\n<\/div>\n<\/div>\n<\/div>\n<\/div>\n","protected":false},"excerpt":{"rendered":"<p>Szanowni Pa\u0144stwo, Fundacja Dom na Skale jest Organizacj\u0105 Po\u017cytku Publicznego. Oznacza to, \u017ce nasz\u0105 dzia\u0142alno\u015b\u0107 reguluje ustawa o dzia\u0142alno\u015bci po\u017cytku publicznego i wolontariacie. Ustawa m.in. umo\u017cliwia przekazanie 1,5 procenta podatku dochodowego na rzecz Organizacji Po\u017cytku Publicznego. Wp\u0142ywy z podatku s\u0105 przeznaczone na budow\u0119 Domu Formacji Rodziny w Czmo\u0144cu. Zwracamy si\u0119 z uprzejm\u0105 pro\u015bb\u0105 o przekazanie [&hellip;]<\/p>\n","protected":false},"author":1,"featured_media":246,"parent":0,"menu_order":0,"comment_status":"closed","ping_status":"closed","template":"","meta":{"_monsterinsights_skip_tracking":false,"_monsterinsights_sitenote_active":false,"_monsterinsights_sitenote_note":"","_monsterinsights_sitenote_category":0,"footnotes":""},"class_list":["post-245","page","type-page","status-publish","has-post-thumbnail","hentry"],"_links":{"self":[{"href":"https:\/\/gardens.home.pl\/autoinstalator\/wordpress3\/wp-json\/wp\/v2\/pages\/245","targetHints":{"allow":["GET"]}}],"collection":[{"href":"https:\/\/gardens.home.pl\/autoinstalator\/wordpress3\/wp-json\/wp\/v2\/pages"}],"about":[{"href":"https:\/\/gardens.home.pl\/autoinstalator\/wordpress3\/wp-json\/wp\/v2\/types\/page"}],"author":[{"embeddable":true,"href":"https:\/\/gardens.home.pl\/autoinstalator\/wordpress3\/wp-json\/wp\/v2\/users\/1"}],"replies":[{"embeddable":true,"href":"https:\/\/gardens.home.pl\/autoinstalator\/wordpress3\/wp-json\/wp\/v2\/comments?post=245"}],"version-history":[{"count":10,"href":"https:\/\/gardens.home.pl\/autoinstalator\/wordpress3\/wp-json\/wp\/v2\/pages\/245\/revisions"}],"predecessor-version":[{"id":1324,"href":"https:\/\/gardens.home.pl\/autoinstalator\/wordpress3\/wp-json\/wp\/v2\/pages\/245\/revisions\/1324"}],"wp:featuredmedia":[{"embeddable":true,"href":"https:\/\/gardens.home.pl\/autoinstalator\/wordpress3\/wp-json\/wp\/v2\/media\/246"}],"wp:attachment":[{"href":"https:\/\/gardens.home.pl\/autoinstalator\/wordpress3\/wp-json\/wp\/v2\/media?parent=245"}],"curies":[{"name":"wp","href":"https:\/\/api.w.org\/{rel}","templated":true}]}}