{"id":1052,"date":"2018-06-16T17:47:02","date_gmt":"2018-06-16T15:47:02","guid":{"rendered":"http:\/\/gardens.home.pl\/autoinstalator\/wordpress3\/?page_id=1052"},"modified":"2019-12-05T14:07:46","modified_gmt":"2019-12-05T13:07:46","slug":"mozesz-nas-wspomoc","status":"publish","type":"page","link":"https:\/\/gardens.home.pl\/autoinstalator\/wordpress3\/mozesz-nas-wspomoc\/","title":{"rendered":"Mo\u017cesz nas wspom\u00f3c !"},"content":{"rendered":"<h5><strong>\u00a0 Szanowni Pa\u0144stwo!\u00a0<\/strong><\/h5>\n<p>Fundacja Dom Na Skale, jest organizacj\u0105 pozarz\u0105dow\u0105 powo\u0142an\u0105 mi\u0119dzy innymi w celu wspierania budowy domu formacyjno &#8211; rekolekcyjnego dla rodzin prowadzony przez Siostry Uczennice Krzy\u017ca.<br \/>\nWsp\u00f3lnymi si\u0142ami wybudowali\u015bmy ju\u017c fragment tego domu gdzie mieszka obecnie 6 si\u00f3str kt\u00f3re regularnie prowadz\u0105 rekolekcje dni skupienia i warsztaty. Swoj\u0105 opieku\u0144cz\u0105 trosk\u0105 obejmuj\u0105 dzieci, m\u0142odzie\u017c, doros\u0142e kobiety i\u00a0 \u00a0 m\u0119\u017cczyzn, ma\u0142\u017ce\u0144stwa i ca\u0142e rodziny prowadz\u0105c rekolekcje tematyczne skierowane konkretnie dla danej grupy wiekowej .Dzi\u0119ki Pa\u0144stwa wsparciu, pomocy Darczy\u0144c\u00f3w i Firm\u00a0 powsta\u0142 dom, kt\u00f3ry jest niezb\u0119dny w\u00a0 \u00a0 \u00a0 \u00a0formowaniu rodziny w trudnych dzisiejszych czasach dla rodzin.<\/p>\n<p><b>\u00a0 Serdecznie Pa\u0144stwa prosimy pomoc w kontynuacji tego dzie\u0142a poprzez wp\u0142aty pieni\u0119\u017cne na nasze konto.\u00a0<\/b><\/p>\n<h4><b>\u00a0 Nr konta 36 9048 0007 0000 5252 2000 0001<\/b><\/h4>\n<p><strong>\u00a0 Wszyscy kt\u00f3rzy znaj\u0105 Siostry Wiedz\u0105 jakim s\u0105 darem dla naszych rodzin.<\/strong><\/p>\n<p><strong>\u00a0 Zach\u0119camy do utworzenia sta\u0142ego zlecenia comiesi\u0119cznego na Pa\u0144stwa koncie, chocia\u017c najmniejszej kwoty!<\/strong><\/p>\n<p><strong>\u00a0 Ka\u017cda inicjatywa,\u00a0 ka\u017cda najmniejsza wp\u0142ata jest dla nas ogromn\u0105 pomoc\u0105. <\/strong><\/p>\n<h5><strong>\u00a0 Za wszelk\u0105 dotychczasow\u0105 Pomoc &#8211; Dzi\u0119kujemy !<\/strong><\/h5>\n<p><a href=\"http:\/\/gardens.home.pl\/autoinstalator\/wordpress3\/cegielkap24\/\"><img loading=\"lazy\" decoding=\"async\" class=\"aligncenter wp-image-712 size-medium\" src=\"http:\/\/gardens.home.pl\/autoinstalator\/wordpress3\/wp-content\/uploads\/2017\/11\/wp\u0142ata-online-300x226.jpg\" alt=\"\" width=\"300\" height=\"226\" srcset=\"https:\/\/gardens.home.pl\/autoinstalator\/wordpress3\/wp-content\/uploads\/2017\/11\/wp\u0142ata-online-300x226.jpg 300w, https:\/\/gardens.home.pl\/autoinstalator\/wordpress3\/wp-content\/uploads\/2017\/11\/wp\u0142ata-online-150x113.jpg 150w, https:\/\/gardens.home.pl\/autoinstalator\/wordpress3\/wp-content\/uploads\/2017\/11\/wp\u0142ata-online.jpg 446w\" sizes=\"auto, (max-width: 300px) 100vw, 300px\" \/><\/a><\/p>\n<p><a href=\"http:\/\/gardens.home.pl\/autoinstalator\/wordpress3\/cegielkap24\/\">Wp\u0142a\u0107 cegie\u0142k\u0119 szybkim przelewem<\/a><\/p>\n","protected":false},"excerpt":{"rendered":"<p>\u00a0 Szanowni Pa\u0144stwo!\u00a0 Fundacja Dom Na Skale, jest organizacj\u0105 pozarz\u0105dow\u0105 powo\u0142an\u0105 mi\u0119dzy innymi w celu wspierania budowy domu formacyjno &#8211; rekolekcyjnego dla rodzin prowadzony przez Siostry Uczennice Krzy\u017ca. Wsp\u00f3lnymi si\u0142ami wybudowali\u015bmy ju\u017c fragment tego domu gdzie mieszka obecnie 6 si\u00f3str kt\u00f3re regularnie prowadz\u0105 rekolekcje dni skupienia i warsztaty. Swoj\u0105 opieku\u0144cz\u0105 trosk\u0105 obejmuj\u0105 dzieci, m\u0142odzie\u017c, doros\u0142e [&hellip;]<\/p>\n","protected":false},"author":1,"featured_media":0,"parent":0,"menu_order":0,"comment_status":"closed","ping_status":"closed","template":"","meta":{"_monsterinsights_skip_tracking":false,"_monsterinsights_sitenote_active":false,"_monsterinsights_sitenote_note":"","_monsterinsights_sitenote_category":0,"footnotes":""},"class_list":["post-1052","page","type-page","status-publish","hentry"],"_links":{"self":[{"href":"https:\/\/gardens.home.pl\/autoinstalator\/wordpress3\/wp-json\/wp\/v2\/pages\/1052","targetHints":{"allow":["GET"]}}],"collection":[{"href":"https:\/\/gardens.home.pl\/autoinstalator\/wordpress3\/wp-json\/wp\/v2\/pages"}],"about":[{"href":"https:\/\/gardens.home.pl\/autoinstalator\/wordpress3\/wp-json\/wp\/v2\/types\/page"}],"author":[{"embeddable":true,"href":"https:\/\/gardens.home.pl\/autoinstalator\/wordpress3\/wp-json\/wp\/v2\/users\/1"}],"replies":[{"embeddable":true,"href":"https:\/\/gardens.home.pl\/autoinstalator\/wordpress3\/wp-json\/wp\/v2\/comments?post=1052"}],"version-history":[{"count":8,"href":"https:\/\/gardens.home.pl\/autoinstalator\/wordpress3\/wp-json\/wp\/v2\/pages\/1052\/revisions"}],"predecessor-version":[{"id":1249,"href":"https:\/\/gardens.home.pl\/autoinstalator\/wordpress3\/wp-json\/wp\/v2\/pages\/1052\/revisions\/1249"}],"wp:attachment":[{"href":"https:\/\/gardens.home.pl\/autoinstalator\/wordpress3\/wp-json\/wp\/v2\/media?parent=1052"}],"curies":[{"name":"wp","href":"https:\/\/api.w.org\/{rel}","templated":true}]}}